{"id":2358,"date":"2023-02-22T11:29:38","date_gmt":"2023-02-22T10:29:38","guid":{"rendered":"https:\/\/www.festivalcinemambiente.it\/?page_id=2358"},"modified":"2026-04-28T12:37:28","modified_gmt":"2026-04-28T10:37:28","slug":"regolamento-junior","status":"publish","type":"page","link":"https:\/\/www.festivalcinemambiente.it\/it\/regolamento-junior\/","title":{"rendered":"Regolamento Junior"},"content":{"rendered":"<section class=\"l-section wpb_row height_small\"><div class=\"l-section-h i-cf\"><div class=\"g-cols vc_row via_grid cols_1 laptops-cols_inherit tablets-cols_inherit mobiles-cols_1 valign_top type_default\"><div class=\"wpb_column vc_column_container\"><div class=\"vc_column-inner\"><div class=\"w-hwrapper align_center valign_middle\"><div class=\"w-image align_none\"><div class=\"w-image-h\"><img width=\"200\" height=\"100\" src=\"https:\/\/www.festivalcinemambiente.it\/wp-content\/uploads\/2023\/01\/museocinema-cinemambiente.png\" class=\"attachment-full size-full\" alt=\"\" loading=\"lazy\" \/><\/div><\/div><\/div><div class=\"w-separator size_small with_line width_default thick_2 style_solid color_border align_center with_content\"><div class=\"w-separator-h\"><i class=\"fas fa-camera-movie\"><\/i><\/div><\/div><\/div><\/div><\/div><\/div><\/section><section class=\"l-section wpb_row height_auto\"><div class=\"l-section-h i-cf\"><div class=\"g-cols vc_row via_grid cols_1 laptops-cols_inherit tablets-cols_inherit mobiles-cols_1 valign_top type_default\"><div class=\"wpb_column vc_column_container\"><div class=\"vc_column-inner\"><div class=\"w-separator size_small\"><\/div><div class=\"wpb_text_column us_custom_1a6424fd has_text_color\"><div class=\"wpb_wrapper\"><p>7\u00b0 Concorso CinemAmbiente Junior<\/p>\n<\/div><\/div><div class=\"wpb_text_column us_custom_4e4a32bf has_text_color\"><div class=\"wpb_wrapper\"><p>anno scolastico 2025-26<\/p>\n<\/div><\/div><div class=\"wpb_text_column\"><div class=\"wpb_wrapper\"><p>Settima edizione del concorso CinemAmbiente Junior, competizione di cortometraggi a tema ambientale realizzati dagli studenti delle scuole italiane di diverso ordine e grado (Scuola Primaria, Scuola Secondaria di I grado, Scuola Secondaria di II grado) della durata massima di 10 minuti.<\/p>\n<\/div><\/div><div class=\"w-separator size_small\"><\/div><\/div><\/div><\/div><\/div><\/section><section class=\"l-section wpb_row height_auto\"><div class=\"l-section-h i-cf\"><div class=\"g-cols vc_row via_grid cols_1 laptops-cols_inherit tablets-cols_inherit mobiles-cols_1 valign_top type_default\"><div class=\"wpb_column vc_column_container\"><div class=\"vc_column-inner\"><div class=\"wpb_text_column us_custom_1a6424fd has_text_color\"><div class=\"wpb_wrapper\"><p>REGOLAMENTO E MODALIT\u00c0 DI PARTECIPAZIONE<\/p>\n<\/div><\/div><\/div><\/div><\/div><\/div><\/section><section class=\"l-section wpb_row height_small\"><div class=\"l-section-h i-cf\"><div class=\"g-cols vc_row via_grid cols_1 laptops-cols_inherit tablets-cols_inherit mobiles-cols_1 valign_top type_default\"><div class=\"wpb_column vc_column_container\"><div class=\"vc_column-inner\"><div class=\"wpb_text_column us_custom_1a6424fd has_text_color\"><div class=\"wpb_wrapper\"><p>ORGANIZZATORI<\/p>\n<\/div><\/div><div class=\"wpb_text_column\"><div class=\"wpb_wrapper\"><p>Il <strong>concorso CinemAmbiente Junior\u00a0<\/strong>\u00e8 organizzato dal Festival CinemAmbiente.<\/p>\n<\/div><\/div><\/div><\/div><\/div><\/div><\/section><section class=\"l-section wpb_row height_small\"><div class=\"l-section-h i-cf\"><div class=\"g-cols vc_row via_grid cols_1 laptops-cols_inherit tablets-cols_inherit mobiles-cols_1 valign_top type_default\"><div class=\"wpb_column vc_column_container\"><div class=\"vc_column-inner\"><div class=\"wpb_text_column us_custom_1a6424fd has_text_color\"><div class=\"wpb_wrapper\"><p>OBIETTIVI<\/p>\n<\/div><\/div><div class=\"wpb_text_column\"><div class=\"wpb_wrapper\"><p>CinemAmbiente Junior si propone di sensibilizzare i giovani ai temi ambientali e di promuovere cos\u00ec comportamenti ecosostenibili stimolando la curiosit\u00e0, la riflessione e le competenze tecnico-artistiche degli studenti attraverso l\u2019elaborazione creativa e originale di un cortometraggio.<br \/>\nObiettivi principali:<br \/>\na) sviluppare nei giovani la sensibilit\u00e0 e il pensiero critico, la capacit\u00e0 di osservazione e la creativit\u00e0;<br \/>\nb) avvicinare i giovani alle tematiche ambientali;<br \/>\nc) suscitare partecipazione nei confronti del patrimonio ambientale nazionale e pi\u00f9 in generale del pianeta Terra;<br \/>\nd) sviluppare le competenze comunicative e la capacit\u00e0 di collaborare in vista della realizzazione di un progetto condiviso;<br \/>\ne) stimolare la creazione di nuove forme di comunicazione ambientale attraverso l\u2019uso dei linguaggi audiovisivi.<\/p>\n<\/div><\/div><\/div><\/div><\/div><\/div><\/section><section class=\"l-section wpb_row height_small\"><div class=\"l-section-h i-cf\"><div class=\"g-cols vc_row via_grid cols_1 laptops-cols_inherit tablets-cols_inherit mobiles-cols_1 valign_top type_default\"><div class=\"wpb_column vc_column_container\"><div class=\"vc_column-inner\"><div class=\"wpb_text_column us_custom_1a6424fd has_text_color\"><div class=\"wpb_wrapper\"><p>TEMA DEL CONCORSO<\/p>\n<\/div><\/div><div class=\"wpb_text_column\"><div class=\"wpb_wrapper\"><p>Il tema del concorso \u00e8 l\u2019\u201cambiente\u201d inteso nel senso pi\u00f9 ampio possibile, comprendendo tutti gli aspetti che determinano lo stile di vita dell\u2019uomo di oggi: consumi energetici, inquinamento atmosferico, valorizzazione del paesaggio, riciclo dei rifiuti, green economy, sviluppo sostenibile, biodiversit\u00e0, natura, cambiamenti climatici&#8230; in modo da offrire agli studenti la possibilit\u00e0 di rappresentare i problemi ambientali che sentono loro pi\u00f9 vicini.<\/p>\n<\/div><\/div><\/div><\/div><\/div><\/div><\/section><section class=\"l-section wpb_row height_small\"><div class=\"l-section-h i-cf\"><div class=\"g-cols vc_row via_grid cols_1 laptops-cols_inherit tablets-cols_inherit mobiles-cols_1 valign_top type_default\"><div class=\"wpb_column vc_column_container\"><div class=\"vc_column-inner\"><div class=\"wpb_text_column us_custom_1a6424fd has_text_color\"><div class=\"wpb_wrapper\"><p>SEZIONI<\/p>\n<\/div><\/div><div class=\"wpb_text_column\"><div class=\"wpb_wrapper\"><p>Il concorso CinemAmbiente Junior \u00e8 articolato in tre sezioni:<br \/>\nConcorso nazionale cortometraggi delle Scuole Primarie, delle Scuole Secondarie di I grado e delle Scuole Secondarie di II grado.<\/p>\n<\/div><\/div><\/div><\/div><\/div><\/div><\/section><section class=\"l-section wpb_row height_small\"><div class=\"l-section-h i-cf\"><div class=\"g-cols vc_row via_grid cols_1 laptops-cols_inherit tablets-cols_inherit mobiles-cols_1 valign_top type_default\"><div class=\"wpb_column vc_column_container\"><div class=\"vc_column-inner\"><div class=\"wpb_text_column us_custom_1a6424fd has_text_color\"><div class=\"wpb_wrapper\"><p>ISCRIZIONE DEI FILM<\/p>\n<\/div><\/div><div class=\"wpb_text_column\"><div class=\"wpb_wrapper\"><p>L\u2019iscrizione al concorso \u00e8 gratuita.<br \/>\nPossono essere iscritti film della durata non superiore a 10 minuti, di ogni genere (commedia, dramma, thriller, ecc.) e tipologia (fiction, documentario, animazione, spot, video musicale, ecc.).<br \/>\nSi richiede la compilazione della <strong><a href=\"https:\/\/www.festivalcinemambiente.it\/it\/iscrizione-form-junior\/\">scheda di iscrizione online<\/a><\/strong> (in tutti i suoi campi) entro il 20 aprile 2026.<\/p>\n<\/div><\/div><\/div><\/div><\/div><\/div><\/section><section class=\"l-section wpb_row height_small\"><div class=\"l-section-h i-cf\"><div class=\"g-cols vc_row via_grid cols_1 laptops-cols_inherit tablets-cols_inherit mobiles-cols_1 valign_top type_default\"><div class=\"wpb_column vc_column_container\"><div class=\"vc_column-inner\"><div class=\"wpb_text_column us_custom_1a6424fd has_text_color\"><div class=\"wpb_wrapper\"><p>PREMI<\/p>\n<\/div><\/div><div class=\"wpb_text_column\"><div class=\"wpb_wrapper\"><p>Sar\u00e0 premiato il miglior film per ciascun ordine di scuola a Torino presso il Cinema Massimo il 28 maggio 2026. I vincitori del concorso riceveranno una Targa del Festival. Altri premi saranno comunicati in seguito.<\/p>\n<\/div><\/div><\/div><\/div><\/div><\/div><\/section><section class=\"l-section wpb_row height_small\"><div class=\"l-section-h i-cf\"><div class=\"g-cols vc_row via_grid cols_1 laptops-cols_inherit tablets-cols_inherit mobiles-cols_1 valign_top type_default\"><div class=\"wpb_column vc_column_container\"><div class=\"vc_column-inner\"><div class=\"wpb_text_column us_custom_1a6424fd has_text_color\"><div class=\"wpb_wrapper\"><p>DIRITTI E GARANZIE<\/p>\n<\/div><\/div><div class=\"wpb_text_column\"><div class=\"wpb_wrapper\"><p>a) I cortometraggi iscritti al concorso entreranno a far parte dell\u2019archivio del Festival.<br \/>\nb) Il Festival CinemAmbiente si riserva la possibilit\u00e0 di utilizzare i film, senza fini di lucro, con qualunque mezzo di comunicazione (ad esempio tv e web), in Italia e all\u2019estero, senza limiti temporali e senza corrispondere alcun diritto. \u00c8 responsabilit\u00e0 di chi iscrive il film in concorso esserne legittimamente autorizzato. Tutti i diritti relativi all\u2019opera sono di propriet\u00e0 degli autori.<br \/>\nc) La richiesta d\u2019ammissione al concorso implica l\u2019accettazione incondizionata del presente regolamento.<br \/>\nd) L\u2019istituto scolastico si impegna a garantire l\u2019esistenza delle singole liberatorie rilasciate a norma di legge dai genitori di ciascun minore partecipante al concorso, finalizzate all\u2019autorizzazione a diffondere senza riserva le riprese coinvolgenti i minori stessi, con l\u2019impegno altres\u00ec ad esibire le medesime dichiarazioni, a semplice richiesta dell\u2019organizzazione del Festival.<br \/>\ne) La Direzione del Festival pu\u00f2 prendere decisioni relative a questioni non previste dal presente regolamento.<\/p>\n<\/div><\/div><\/div><\/div><\/div><\/div><\/section><section class=\"l-section wpb_row height_small\"><div class=\"l-section-h i-cf\"><div class=\"g-cols vc_row via_grid cols_1 laptops-cols_inherit tablets-cols_inherit mobiles-cols_1 valign_top type_default\"><div class=\"wpb_column vc_column_container\"><div class=\"vc_column-inner\"><div class=\"wpb_text_column us_custom_1a6424fd has_text_color\"><div class=\"wpb_wrapper\"><p><span class=\"w-text-h\"><span class=\"w-text-value\"><a href=\"https:\/\/www.festivalcinemambiente.it\/it\/cinemambiente-junior-2026-\u2013-ciak,-eco-azione!\/film\/maya,-donne-moi-un-titre-\/29128\/\" target=\"_blank\" rel=\"noopener\">PREMIAZIONE 7\u00b0 CONCORSO CINEMAMBIENTE JUNIOR<br \/>\nProiezione del film Maya, donne-moi un titre<\/a><\/span><\/span><\/p>\n<\/div><\/div><div class=\"wpb_text_column\"><div class=\"wpb_wrapper\"><div class=\"w-text us_custom_da7ceeb3\"><span class=\"w-text-h\"><span class=\"w-text-value\"><strong>28 MAG 2026 alle ore: 10:00<\/strong> <\/span><\/span><\/div>\n<div class=\"ult-spacer spacer-627a4035efa00\" data-id=\"627a4035efa00\" data-height=\"10\" data-height-mobile=\"10\" data-height-tab=\"10\" data-height-tab-portrait=\"\" data-height-mobile-landscape=\"\"><span class=\"w-text-h\"><span class=\"w-text-value\">presso\u00a0<a href=\"https:\/\/www.festivalcinemambiente.it\/it\/i-luoghi-del-festival\/\" target=\"_blank\" rel=\"noopener\"> SALA 1 &#8211; CINEMA MASSIMO<\/a><br \/>\n<\/span><\/span><\/div>\n<div class=\"w-text us_custom_ffd7cb6d has_text_color\">\n<p><span class=\"w-text-h\">\u00a0<\/span><\/p>\n<p>Alla presenza delle giurie verranno consegnati i premi del 7\u00b0 Concorso nazionale <strong>Cinemambiente Junior<\/strong>, i Premi Speciali <strong>Scuola Park<\/strong> e i riconoscimenti del 3\u00b0 Concorso fotografico <strong>Scatti sostenibili<\/strong>.<\/p>\n<\/div>\n<p>Ospite d\u2019onore: il regista premio Oscar <strong>Michel Gondry<\/strong>, con la proiezione del film <a href=\"https:\/\/www.festivalcinemambiente.it\/it\/cinemambiente-junior-2026-%E2%80%93-ciak,-eco-azione!\/film\/maya,-donne-moi-un-titre-\/29128\/\"><strong><i>Maya, donne-moi un titre<\/i><\/strong><\/a>.<\/p>\n<p>Per tutti i gradi scolastici -&gt; Per prenotarsi in calendario <strong><a href=\"https:\/\/educamuseocinema.wufoo.com\/forms\/shejfwp16aagk3\/\" target=\"_blank\" rel=\"noopener\">clicca qui<\/a><\/strong><\/p>\n<p><img loading=\"lazy\" class=\"alignnone size-medium wp-image-5758\" src=\"https:\/\/www.festivalcinemambiente.it\/wp-content\/uploads\/2026\/03\/Maya-donne-moi-un-titre-300x300.jpg\" alt=\"\" width=\"300\" height=\"300\" srcset=\"https:\/\/www.festivalcinemambiente.it\/wp-content\/uploads\/2026\/03\/Maya-donne-moi-un-titre-300x300.jpg 300w, https:\/\/www.festivalcinemambiente.it\/wp-content\/uploads\/2026\/03\/Maya-donne-moi-un-titre-150x150.jpg 150w, https:\/\/www.festivalcinemambiente.it\/wp-content\/uploads\/2026\/03\/Maya-donne-moi-un-titre-350x350.jpg 350w, https:\/\/www.festivalcinemambiente.it\/wp-content\/uploads\/2026\/03\/Maya-donne-moi-un-titre-250x250.jpg 250w, https:\/\/www.festivalcinemambiente.it\/wp-content\/uploads\/2026\/03\/Maya-donne-moi-un-titre-40x40.jpg 40w, https:\/\/www.festivalcinemambiente.it\/wp-content\/uploads\/2026\/03\/Maya-donne-moi-un-titre-75x75.jpg 75w, https:\/\/www.festivalcinemambiente.it\/wp-content\/uploads\/2026\/03\/Maya-donne-moi-un-titre.jpg 600w\" sizes=\"(max-width: 300px) 100vw, 300px\" \/><img loading=\"lazy\" class=\"alignnone size-medium wp-image-5760\" src=\"https:\/\/www.festivalcinemambiente.it\/wp-content\/uploads\/2026\/03\/Maya-donne-moi-un-titre2-300x300.jpg\" alt=\"\" width=\"300\" height=\"300\" srcset=\"https:\/\/www.festivalcinemambiente.it\/wp-content\/uploads\/2026\/03\/Maya-donne-moi-un-titre2-300x300.jpg 300w, https:\/\/www.festivalcinemambiente.it\/wp-content\/uploads\/2026\/03\/Maya-donne-moi-un-titre2-150x150.jpg 150w, https:\/\/www.festivalcinemambiente.it\/wp-content\/uploads\/2026\/03\/Maya-donne-moi-un-titre2-350x350.jpg 350w, https:\/\/www.festivalcinemambiente.it\/wp-content\/uploads\/2026\/03\/Maya-donne-moi-un-titre2-250x250.jpg 250w, https:\/\/www.festivalcinemambiente.it\/wp-content\/uploads\/2026\/03\/Maya-donne-moi-un-titre2-40x40.jpg 40w, https:\/\/www.festivalcinemambiente.it\/wp-content\/uploads\/2026\/03\/Maya-donne-moi-un-titre2-75x75.jpg 75w, https:\/\/www.festivalcinemambiente.it\/wp-content\/uploads\/2026\/03\/Maya-donne-moi-un-titre2.jpg 600w\" sizes=\"(max-width: 300px) 100vw, 300px\" \/><\/p>\n<\/div><\/div><\/div><\/div><\/div><\/div><\/section><section class=\"l-section wpb_row height_small\"><div class=\"l-section-h i-cf\"><div class=\"g-cols vc_row via_grid cols_1 laptops-cols_inherit tablets-cols_inherit mobiles-cols_1 valign_top type_default\"><div class=\"wpb_column vc_column_container us_custom_50cc7d67\"><div class=\"vc_column-inner\"><div class=\"w-separator size_small with_line width_default thick_2 style_solid color_border align_center with_content\"><div class=\"w-separator-h\"><i class=\"fas fa-camera-movie\"><\/i><\/div><\/div><div class=\"w-hwrapper us_custom_50cc7d67 align_center valign_middle\"><div class=\"w-image us_custom_bd41a4be align_center\"><div class=\"w-image-h\"><img width=\"1216\" height=\"377\" src=\"https:\/\/www.festivalcinemambiente.it\/wp-content\/uploads\/2025\/12\/cut-scuolainprimafila_logo_2025_CMYK_ORIZ-Copia.png\" class=\"attachment-full size-full\" alt=\"\" loading=\"lazy\" srcset=\"https:\/\/www.festivalcinemambiente.it\/wp-content\/uploads\/2025\/12\/cut-scuolainprimafila_logo_2025_CMYK_ORIZ-Copia.png 1216w, https:\/\/www.festivalcinemambiente.it\/wp-content\/uploads\/2025\/12\/cut-scuolainprimafila_logo_2025_CMYK_ORIZ-Copia-300x93.png 300w, https:\/\/www.festivalcinemambiente.it\/wp-content\/uploads\/2025\/12\/cut-scuolainprimafila_logo_2025_CMYK_ORIZ-Copia-1024x317.png 1024w, https:\/\/www.festivalcinemambiente.it\/wp-content\/uploads\/2025\/12\/cut-scuolainprimafila_logo_2025_CMYK_ORIZ-Copia-75x23.png 75w\" sizes=\"(max-width: 1216px) 100vw, 1216px\" \/><\/div><\/div><\/div><div class=\"wpb_text_column us_custom_eb849559\"><div class=\"wpb_wrapper\"><p style=\"font-weight: 400;\"><em>Iniziativa realizzata nell\u2019ambito del\u00a0<a href=\"https:\/\/cinemaperlascuola.istruzione.it\/\" target=\"_blank\" rel=\"noopener\" data-saferedirecturl=\"https:\/\/www.google.com\/url?q=https:\/\/cinemaperlascuola.istruzione.it\/&amp;source=gmail&amp;ust=1764918052961000&amp;usg=AOvVaw0JMzIXizscN6ANfh5plfLY\">Piano Nazionale Cinema e Immagini per la Scuola<\/a>\u00a0promosso da MiC e MIM<\/em><\/p>\n<\/div><\/div><div class=\"w-hwrapper align_center valign_middle\"><div class=\"w-image align_none\"><div class=\"w-image-h\"><img width=\"200\" height=\"100\" src=\"https:\/\/www.festivalcinemambiente.it\/wp-content\/uploads\/2023\/01\/mic.png\" class=\"attachment-full size-full\" alt=\"\" loading=\"lazy\" \/><\/div><\/div><div class=\"w-image align_none\"><div class=\"w-image-h\"><img width=\"200\" height=\"100\" src=\"https:\/\/www.festivalcinemambiente.it\/wp-content\/uploads\/2023\/01\/mim.png\" class=\"attachment-full size-full\" alt=\"\" loading=\"lazy\" \/><\/div><\/div><div class=\"w-image align_none\"><div class=\"w-image-h\"><img width=\"200\" height=\"100\" src=\"https:\/\/www.festivalcinemambiente.it\/wp-content\/uploads\/2023\/01\/cinemaeimmaginiperlascuola.png\" class=\"attachment-full size-full\" alt=\"\" loading=\"lazy\" \/><\/div><\/div><\/div><\/div><\/div><\/div><\/div><\/section>\n","protected":false},"excerpt":{"rendered":"7\u00b0 Concorso CinemAmbiente Junior anno scolastico 2025-26 Settima edizione del concorso CinemAmbiente Junior, competizione di cortometraggi a tema ambientale realizzati dagli studenti delle scuole italiane di diverso ordine e grado (Scuola Primaria, Scuola Secondaria di I grado, Scuola Secondaria di II grado) della durata massima di 10 minuti. REGOLAMENTO E MODALIT\u00c0 DI PARTECIPAZIONE ORGANIZZATORI Il...","protected":false},"author":2,"featured_media":0,"parent":0,"menu_order":0,"comment_status":"closed","ping_status":"closed","template":"","meta":[],"acf":[],"_links":{"self":[{"href":"https:\/\/www.festivalcinemambiente.it\/it\/wp-json\/wp\/v2\/pages\/2358"}],"collection":[{"href":"https:\/\/www.festivalcinemambiente.it\/it\/wp-json\/wp\/v2\/pages"}],"about":[{"href":"https:\/\/www.festivalcinemambiente.it\/it\/wp-json\/wp\/v2\/types\/page"}],"author":[{"embeddable":true,"href":"https:\/\/www.festivalcinemambiente.it\/it\/wp-json\/wp\/v2\/users\/2"}],"replies":[{"embeddable":true,"href":"https:\/\/www.festivalcinemambiente.it\/it\/wp-json\/wp\/v2\/comments?post=2358"}],"version-history":[{"count":33,"href":"https:\/\/www.festivalcinemambiente.it\/it\/wp-json\/wp\/v2\/pages\/2358\/revisions"}],"predecessor-version":[{"id":5776,"href":"https:\/\/www.festivalcinemambiente.it\/it\/wp-json\/wp\/v2\/pages\/2358\/revisions\/5776"}],"wp:attachment":[{"href":"https:\/\/www.festivalcinemambiente.it\/it\/wp-json\/wp\/v2\/media?parent=2358"}],"curies":[{"name":"wp","href":"https:\/\/api.w.org\/{rel}","templated":true}]}}