{"id":2216,"date":"2022-11-08T09:58:07","date_gmt":"2022-11-08T08:58:07","guid":{"rendered":"https:\/\/www.festivalcinemambiente.it\/?page_id=2216"},"modified":"2025-01-20T12:38:28","modified_gmt":"2025-01-20T11:38:28","slug":"iscrizione-form-junior","status":"publish","type":"page","link":"https:\/\/www.festivalcinemambiente.it\/it\/iscrizione-form-junior\/","title":{"rendered":"Iscrizione Form Junior"},"content":{"rendered":"<section class=\"l-section wpb_row height_auto width_full\"><div class=\"l-section-h i-cf\"><div class=\"g-cols vc_row via_grid cols_1 laptops-cols_inherit tablets-cols_inherit mobiles-cols_1 valign_top type_default\"><div class=\"wpb_column vc_column_container\"><div class=\"vc_column-inner\"><div class=\"w-image has_ratio align_center\"><div class=\"w-image-h\"><div style=\"padding-bottom:39.3939%\"><\/div><img width=\"1920\" height=\"900\" src=\"https:\/\/www.festivalcinemambiente.it\/wp-content\/uploads\/2025\/01\/cover-junior-2025.jpg\" class=\"attachment-full size-full\" alt=\"\" loading=\"lazy\" srcset=\"https:\/\/www.festivalcinemambiente.it\/wp-content\/uploads\/2025\/01\/cover-junior-2025.jpg 1920w, https:\/\/www.festivalcinemambiente.it\/wp-content\/uploads\/2025\/01\/cover-junior-2025-300x141.jpg 300w, https:\/\/www.festivalcinemambiente.it\/wp-content\/uploads\/2025\/01\/cover-junior-2025-1024x480.jpg 1024w, https:\/\/www.festivalcinemambiente.it\/wp-content\/uploads\/2025\/01\/cover-junior-2025-75x35.jpg 75w\" sizes=\"(max-width: 1920px) 100vw, 1920px\" \/><\/div><\/div><\/div><\/div><\/div><\/div><\/section><section class=\"l-section wpb_row height_medium\"><div class=\"l-section-h i-cf\"><div class=\"g-cols vc_row via_grid cols_1 laptops-cols_inherit tablets-cols_inherit mobiles-cols_1 valign_top type_default\"><div class=\"wpb_column vc_column_container\"><div class=\"vc_column-inner\"><div class=\"wpb_text_column\"><div class=\"wpb_wrapper\"><div id=\"quform-fd8e8f\" class=\"quform quform-3 quform-support-page-caching\"><form id=\"quform-form-fd8e8f\" class=\"quform-form quform-form-3\" action=\"\/it\/wp-json\/wp\/v2\/pages\/2216#quform-fd8e8f\" method=\"post\" enctype=\"multipart\/form-data\" novalidate=\"novalidate\" data-options=\"{&quot;id&quot;:3,&quot;uniqueId&quot;:&quot;fd8e8f&quot;,&quot;theme&quot;:&quot;&quot;,&quot;ajax&quot;:true,&quot;logic&quot;:{&quot;logic&quot;:[],&quot;dependents&quot;:[],&quot;elementIds&quot;:[],&quot;dependentElementIds&quot;:[],&quot;animate&quot;:true},&quot;currentPageId&quot;:1,&quot;errorsIcon&quot;:&quot;&quot;,&quot;updateFancybox&quot;:true,&quot;hasPages&quot;:false,&quot;pages&quot;:[1],&quot;pageProgressType&quot;:&quot;numbers&quot;,&quot;tooltipsEnabled&quot;:true,&quot;tooltipClasses&quot;:&quot;qtip-quform-dark qtip-shadow&quot;,&quot;tooltipMy&quot;:&quot;left center&quot;,&quot;tooltipAt&quot;:&quot;right center&quot;,&quot;isRtl&quot;:false,&quot;scrollOffset&quot;:-50,&quot;scrollSpeed&quot;:800}\"><button class=\"quform-default-submit\" name=\"quform_submit\" type=\"submit\" value=\"submit\" aria-hidden=\"true\" tabindex=\"-1\"><\/button><div class=\"quform-form-inner quform-form-inner-3\"><input type=\"hidden\" name=\"quform_form_id\" value=\"3\" \/><input type=\"hidden\" name=\"quform_form_uid\" value=\"fd8e8f\" \/><input type=\"hidden\" name=\"quform_count\" value=\"1\" \/><input type=\"hidden\" name=\"form_url\" value=\"https:\/\/www.festivalcinemambiente.it\/it\/wp-json\/wp\/v2\/pages\/2216\" \/><input type=\"hidden\" name=\"referring_url\" value=\"\" \/><input type=\"hidden\" name=\"post_id\" value=\"\" \/><input type=\"hidden\" name=\"post_title\" value=\"\" \/><input type=\"hidden\" name=\"quform_current_page_id\" value=\"1\" \/><input type=\"hidden\" name=\"quform_csrf_token\" value=\"nTf1EEqJMtQptLVrOlpzpyiMRby1i1VSgZs6lyzC\" \/><div class=\"quform-elements quform-elements-3 quform-cf quform-responsive-elements-phone-landscape\"><div class=\"quform-element quform-element-page quform-page-1 quform-page-3_1 quform-cf quform-group-style-plain quform-first-page quform-last-page quform-current-page\"><div class=\"quform-child-elements\"><div class=\"quform-element quform-element-html quform-element-3_11 quform-cf\"><div class=\"quform-spacer\"><h1>Iscrivi il tuo film<\/h1><\/div><\/div><div class=\"quform-element quform-element-html quform-element-3_12 quform-cf\"><div class=\"quform-spacer\">Compila il form seguente in tutte le sue parti per candidare il vostro film al Festival CinemAmbiente Junior. Una giuria selezioner\u00e0 i migliori lavori che verranno proiettati durante il Festival CinemAmbiente.<\/div><\/div><div class=\"quform-element quform-element-html quform-element-3_13 quform-cf\"><div class=\"quform-spacer\"><strong>Tutti i campi * sono obbligatori.<\/strong><\/div><\/div><div class=\"quform-element quform-element-select quform-element-3_14 quform-cf quform-element-required\"><div class=\"quform-spacer\"><div class=\"quform-label quform-label-3_14\"><label class=\"quform-label-text\" for=\"quform_3_14_fd8e8f\">Sezione<span class=\"quform-required\">*<\/span><\/label><\/div><div class=\"quform-inner quform-inner-select quform-inner-3_14\"><div class=\"quform-input quform-input-select quform-input-3_14 quform-cf\"><select id=\"quform_3_14_fd8e8f\" name=\"quform_3_14\" class=\"quform-field quform-field-select quform-field-3_14\"><option value=\"224\">Concorso Scuole Primarie<\/option><option value=\"225\">Concorso Scuole Secondarie di I grado<\/option><option value=\"226\">Concorso Scuole Secondarie di II grado<\/option><\/select><\/div><\/div><\/div><\/div><div class=\"quform-element quform-element-group quform-element-3_3 quform-cf quform-group-style-plain\"><div class=\"quform-spacer\"><div class=\"quform-group-title-description\"><h3 class=\"quform-group-title\">Film<\/h3><\/div><div class=\"quform-child-elements\"><div class=\"quform-element quform-element-row quform-element-row-3_4 quform-2-columns quform-element-row-size-fixed quform-responsive-columns-phone-landscape\"><div class=\"quform-element quform-element-column quform-element-3_5\"><div class=\"quform-element quform-element-text quform-element-3_23 quform-cf quform-element-required\"><div class=\"quform-spacer\"><div class=\"quform-label quform-label-3_23\"><label class=\"quform-label-text\" for=\"quform_3_23_fd8e8f\">Titolo film<span class=\"quform-required\">*<\/span><\/label><\/div><div class=\"quform-inner quform-inner-text quform-inner-3_23\"><div class=\"quform-input quform-input-text quform-input-3_23 quform-cf\"><input type=\"text\" id=\"quform_3_23_fd8e8f\" name=\"quform_3_23\" class=\"quform-field quform-field-text quform-field-3_23\" \/><\/div><\/div><\/div><\/div><\/div><div class=\"quform-element quform-element-column quform-element-3_6\"><div class=\"quform-element quform-element-date quform-element-3_99 quform-cf quform-element-required\"><div class=\"quform-spacer\"><div class=\"quform-label quform-label-3_99\"><label class=\"quform-label-text\" for=\"quform_3_99_fd8e8f\">Anno di produzione<span class=\"quform-required\">*<\/span><\/label><\/div><div class=\"quform-inner quform-inner-date quform-inner-3_99\"><div class=\"quform-input quform-input-date quform-input-3_99 quform-cf quform-has-field-icon-right\"><input type=\"text\" id=\"quform_3_99_fd8e8f\" name=\"quform_3_99\" class=\"quform-field quform-field-date quform-field-3_99\" placeholder=\"YYYY-MM-DD\" data-options=\"{&quot;format&quot;:&quot;yyyy&quot;,&quot;min&quot;:&quot;&quot;,&quot;max&quot;:&quot;today&quot;,&quot;start&quot;:&quot;decade&quot;,&quot;depth&quot;:&quot;decade&quot;,&quot;showFooter&quot;:false,&quot;locale&quot;:&quot;it&quot;,&quot;placeholder&quot;:&quot;&quot;,&quot;autoOpen&quot;:true,&quot;identifier&quot;:&quot;3_99&quot;}\" \/><span class=\"quform-field-icon quform-field-icon-right\"><i class=\"qicon-calendar\"><\/i><\/span><\/div><\/div><\/div><\/div><\/div><\/div><div class=\"quform-element quform-element-row quform-element-row-3_16 quform-2-columns quform-element-row-size-fixed quform-responsive-columns-phone-landscape\"><div class=\"quform-element quform-element-column quform-element-3_17\"><div class=\"quform-element quform-element-text quform-element-3_25 quform-cf quform-element-required\"><div class=\"quform-spacer\"><div class=\"quform-label quform-label-3_25\"><label class=\"quform-label-text\" for=\"quform_3_25_fd8e8f\">Durata<span class=\"quform-required\">*<\/span><\/label><\/div><div class=\"quform-inner quform-inner-text quform-inner-3_25\"><div class=\"quform-input quform-input-text quform-input-3_25 quform-cf\"><input type=\"text\" id=\"quform_3_25_fd8e8f\" name=\"quform_3_25\" class=\"quform-field quform-field-text quform-field-3_25\" \/><\/div><p class=\"quform-description quform-description-below\">(in minuti)<\/p><\/div><\/div><\/div><\/div><div class=\"quform-element quform-element-column quform-element-3_18\"><div class=\"quform-element quform-element-select quform-element-3_26 quform-cf quform-element-required\"><div class=\"quform-spacer\"><div class=\"quform-label quform-label-3_26\"><label class=\"quform-label-text\" for=\"quform_3_26_fd8e8f\">Genere<span class=\"quform-required\">*<\/span><\/label><\/div><div class=\"quform-inner quform-inner-select quform-inner-3_26\"><div class=\"quform-input quform-input-select quform-input-3_26 quform-cf\"><select id=\"quform_3_26_fd8e8f\" name=\"quform_3_26\" class=\"quform-field quform-field-select quform-field-3_26\"><option value=\"4\">Animation movie<\/option><option value=\"3\">Fiction movie<\/option><option value=\"7\">Documentary<\/option><option value=\"5\">Music videoclip<\/option><option value=\"8\">Advertising spot<\/option><option value=\"9\">Altro<\/option><\/select><\/div><\/div><\/div><\/div><\/div><\/div><div class=\"quform-element quform-element-textarea quform-element-3_19 quform-cf quform-element-required\"><div class=\"quform-spacer\"><div class=\"quform-label quform-label-3_19\"><label class=\"quform-label-text\" for=\"quform_3_19_fd8e8f\">Inserisci una breve trama ad uso catalogo<span class=\"quform-required\">*<\/span><\/label><\/div><div class=\"quform-inner quform-inner-textarea quform-inner-3_19\"><div class=\"quform-input quform-input-textarea quform-input-3_19 quform-cf\"><textarea id=\"quform_3_19_fd8e8f\" name=\"quform_3_19\" class=\"quform-field quform-field-textarea quform-field-3_19\"><\/textarea><\/div><p class=\"quform-description quform-description-below\">(max 1.500 caratteri)<\/p><\/div><\/div><\/div><div class=\"quform-element quform-element-row quform-element-row-3_20 quform-2-columns quform-element-row-size-fixed quform-responsive-columns-phone-landscape\"><div class=\"quform-element quform-element-column quform-element-3_21\"><div class=\"quform-element quform-element-text quform-element-3_27 quform-cf quform-element-optional\"><div class=\"quform-spacer\"><div class=\"quform-label quform-label-3_27\"><label class=\"quform-label-text\" for=\"quform_3_27_fd8e8f\">Obiettivi didattici<\/label><\/div><div class=\"quform-inner quform-inner-text quform-inner-3_27\"><div class=\"quform-input quform-input-text quform-input-3_27 quform-cf\"><input type=\"text\" id=\"quform_3_27_fd8e8f\" name=\"quform_3_27\" class=\"quform-field quform-field-text quform-field-3_27\" \/><\/div><\/div><\/div><\/div><\/div><div class=\"quform-element quform-element-column quform-element-3_22\"><div class=\"quform-element quform-element-text quform-element-3_28 quform-cf quform-element-required\"><div class=\"quform-spacer\"><div class=\"quform-label quform-label-3_28\"><label class=\"quform-label-text\" for=\"quform_3_28_fd8e8f\">Link del film<span class=\"quform-required\">*<\/span><\/label><\/div><div class=\"quform-inner quform-inner-text quform-inner-3_28\"><div class=\"quform-input quform-input-text quform-input-3_28 quform-cf\"><input type=\"text\" id=\"quform_3_28_fd8e8f\" name=\"quform_3_28\" class=\"quform-field quform-field-text quform-field-3_28\" \/><\/div><p class=\"quform-description quform-description-below\">(inserisci il link del film su YouTube)<\/p><\/div><\/div><\/div><\/div><\/div><\/div><\/div><\/div><div class=\"quform-element quform-element-group quform-element-3_30 quform-cf quform-group-style-plain\"><div class=\"quform-spacer\"><div class=\"quform-group-title-description\"><h3 class=\"quform-group-title\">Produzione<\/h3><\/div><div class=\"quform-child-elements\"><div class=\"quform-element quform-element-text quform-element-3_51 quform-cf quform-element-required\"><div class=\"quform-spacer\"><div class=\"quform-label quform-label-3_51\"><label class=\"quform-label-text\" for=\"quform_3_51_fd8e8f\">Scuola<span class=\"quform-required\">*<\/span><\/label><\/div><div class=\"quform-inner quform-inner-text quform-inner-3_51\"><div class=\"quform-input quform-input-text quform-input-3_51 quform-cf\"><input type=\"text\" id=\"quform_3_51_fd8e8f\" name=\"quform_3_51\" class=\"quform-field quform-field-text quform-field-3_51\" \/><\/div><p class=\"quform-description quform-description-below\">(inserisci il nome completo dell'Istituto)<\/p><\/div><\/div><\/div><div class=\"quform-element quform-element-row quform-element-row-3_48 quform-2-columns quform-element-row-size-fixed quform-responsive-columns-phone-landscape\"><div class=\"quform-element quform-element-column quform-element-3_49\"><div class=\"quform-element quform-element-text quform-element-3_59 quform-cf quform-element-optional\"><div class=\"quform-spacer\"><div class=\"quform-label quform-label-3_59\"><label class=\"quform-label-text\" for=\"quform_3_59_fd8e8f\">Classe<\/label><\/div><div class=\"quform-inner quform-inner-text quform-inner-3_59\"><div class=\"quform-input quform-input-text quform-input-3_59 quform-cf\"><input type=\"text\" id=\"quform_3_59_fd8e8f\" name=\"quform_3_59\" class=\"quform-field quform-field-text quform-field-3_59\" \/><\/div><\/div><\/div><\/div><\/div><div class=\"quform-element quform-element-column quform-element-3_50\"><div class=\"quform-element quform-element-text quform-element-3_60 quform-cf quform-element-optional\"><div class=\"quform-spacer\"><div class=\"quform-label quform-label-3_60\"><label class=\"quform-label-text\" for=\"quform_3_60_fd8e8f\">Indirizzo<\/label><\/div><div class=\"quform-inner quform-inner-text quform-inner-3_60\"><div class=\"quform-input quform-input-text quform-input-3_60 quform-cf\"><input type=\"text\" id=\"quform_3_60_fd8e8f\" name=\"quform_3_60\" class=\"quform-field quform-field-text quform-field-3_60\" \/><\/div><p class=\"quform-description quform-description-below\">Includere n\u00b0 civico<\/p><\/div><\/div><\/div><\/div><\/div><div class=\"quform-element quform-element-row quform-element-row-3_52 quform-2-columns quform-element-row-size-fixed quform-responsive-columns-phone-landscape\"><div class=\"quform-element quform-element-column quform-element-3_53\"><div class=\"quform-element quform-element-text quform-element-3_61 quform-cf quform-element-required\"><div class=\"quform-spacer\"><div class=\"quform-label quform-label-3_61\"><label class=\"quform-label-text\" for=\"quform_3_61_fd8e8f\">Citt\u00e0<span class=\"quform-required\">*<\/span><\/label><\/div><div class=\"quform-inner quform-inner-text quform-inner-3_61\"><div class=\"quform-input quform-input-text quform-input-3_61 quform-cf\"><input type=\"text\" id=\"quform_3_61_fd8e8f\" name=\"quform_3_61\" class=\"quform-field quform-field-text quform-field-3_61\" \/><\/div><\/div><\/div><\/div><\/div><div class=\"quform-element quform-element-column quform-element-3_54\"><div class=\"quform-element quform-element-text quform-element-3_62 quform-cf quform-element-optional\"><div class=\"quform-spacer\"><div class=\"quform-label quform-label-3_62\"><label class=\"quform-label-text\" for=\"quform_3_62_fd8e8f\">CAP<\/label><\/div><div class=\"quform-inner quform-inner-text quform-inner-3_62\"><div class=\"quform-input quform-input-text quform-input-3_62 quform-cf\"><input type=\"text\" id=\"quform_3_62_fd8e8f\" name=\"quform_3_62\" class=\"quform-field quform-field-text quform-field-3_62\" \/><\/div><\/div><\/div><\/div><\/div><\/div><div class=\"quform-element quform-element-row quform-element-row-3_55 quform-2-columns quform-element-row-size-fixed quform-responsive-columns-phone-landscape\"><div class=\"quform-element quform-element-column quform-element-3_56\"><div class=\"quform-element quform-element-text quform-element-3_63 quform-cf quform-element-required\"><div class=\"quform-spacer\"><div class=\"quform-label quform-label-3_63\"><label class=\"quform-label-text\" for=\"quform_3_63_fd8e8f\">Telefono<span class=\"quform-required\">*<\/span><\/label><\/div><div class=\"quform-inner quform-inner-text quform-inner-3_63\"><div class=\"quform-input quform-input-text quform-input-3_63 quform-cf\"><input type=\"text\" id=\"quform_3_63_fd8e8f\" name=\"quform_3_63\" class=\"quform-field quform-field-text quform-field-3_63\" \/><\/div><p class=\"quform-description quform-description-below\">Inserire il n\u00b0 di telefono da 10 cifre senza includere il prefisso.<\/p><\/div><\/div><\/div><\/div><div class=\"quform-element quform-element-column quform-element-3_57\"><div class=\"quform-element quform-element-text quform-element-3_64 quform-cf quform-element-required\"><div class=\"quform-spacer\"><div class=\"quform-label quform-label-3_64\"><label class=\"quform-label-text\" for=\"quform_3_64_fd8e8f\">Email<span class=\"quform-required\">*<\/span><\/label><\/div><div class=\"quform-inner quform-inner-text quform-inner-3_64\"><div class=\"quform-input quform-input-text quform-input-3_64 quform-cf\"><input type=\"text\" id=\"quform_3_64_fd8e8f\" name=\"quform_3_64\" class=\"quform-field quform-field-text quform-field-3_64\" \/><\/div><\/div><\/div><\/div><\/div><\/div><div class=\"quform-element quform-element-text quform-element-3_58 quform-cf quform-element-optional\"><div class=\"quform-spacer\"><div class=\"quform-label quform-label-3_58\"><label class=\"quform-label-text\" for=\"quform_3_58_fd8e8f\">Sito web<\/label><\/div><div class=\"quform-inner quform-inner-text quform-inner-3_58\"><div class=\"quform-input quform-input-text quform-input-3_58 quform-cf\"><input type=\"text\" id=\"quform_3_58_fd8e8f\" name=\"quform_3_58\" class=\"quform-field quform-field-text quform-field-3_58\" \/><\/div><p class=\"quform-description quform-description-below\">(inserisci il sito web della Scuola)<\/p><\/div><\/div><\/div><\/div><\/div><\/div><div class=\"quform-element quform-element-group quform-element-3_65 quform-cf quform-group-style-plain\"><div class=\"quform-spacer\"><div class=\"quform-group-title-description\"><h3 class=\"quform-group-title\">Referente<\/h3><\/div><div class=\"quform-child-elements\"><div class=\"quform-element quform-element-text quform-element-3_66 quform-cf quform-element-required\"><div class=\"quform-spacer\"><div class=\"quform-label quform-label-3_66\"><label class=\"quform-label-text\" for=\"quform_3_66_fd8e8f\">Nome<span class=\"quform-required\">*<\/span><\/label><\/div><div class=\"quform-inner quform-inner-text quform-inner-3_66\"><div class=\"quform-input quform-input-text quform-input-3_66 quform-cf\"><input type=\"text\" id=\"quform_3_66_fd8e8f\" name=\"quform_3_66\" class=\"quform-field quform-field-text quform-field-3_66\" \/><\/div><\/div><\/div><\/div><div class=\"quform-element quform-element-row quform-element-row-3_67 quform-2-columns quform-element-row-size-fixed quform-responsive-columns-phone-landscape\"><div class=\"quform-element quform-element-column quform-element-3_68\"><div class=\"quform-element quform-element-text quform-element-3_69 quform-cf quform-element-required\"><div class=\"quform-spacer\"><div class=\"quform-label quform-label-3_69\"><label class=\"quform-label-text\" for=\"quform_3_69_fd8e8f\">Email referente<span class=\"quform-required\">*<\/span><\/label><\/div><div class=\"quform-inner quform-inner-text quform-inner-3_69\"><div class=\"quform-input quform-input-text quform-input-3_69 quform-cf\"><input type=\"text\" id=\"quform_3_69_fd8e8f\" name=\"quform_3_69\" class=\"quform-field quform-field-text quform-field-3_69\" \/><\/div><\/div><\/div><\/div><\/div><div class=\"quform-element quform-element-column quform-element-3_70\"><div class=\"quform-element quform-element-text quform-element-3_71 quform-cf quform-element-required\"><div class=\"quform-spacer\"><div class=\"quform-label quform-label-3_71\"><label class=\"quform-label-text\" for=\"quform_3_71_fd8e8f\">Telefono referente<span class=\"quform-required\">*<\/span><\/label><\/div><div class=\"quform-inner quform-inner-text quform-inner-3_71\"><div class=\"quform-input quform-input-text quform-input-3_71 quform-cf\"><input type=\"text\" id=\"quform_3_71_fd8e8f\" name=\"quform_3_71\" class=\"quform-field quform-field-text quform-field-3_71\" \/><\/div><p class=\"quform-description quform-description-below\">Inserire il n\u00b0 di telefono da 10 cifre senza includere il prefisso.<\/p><\/div><\/div><\/div><\/div><\/div><\/div><\/div><\/div><div class=\"quform-element quform-element-group quform-element-3_83 quform-cf quform-group-style-plain\"><div class=\"quform-spacer\"><div class=\"quform-group-title-description\"><h3 class=\"quform-group-title\">Privacy policy<\/h3><\/div><div class=\"quform-child-elements\"><div class=\"quform-element quform-element-html quform-element-3_90 quform-cf\"><div class=\"quform-spacer\">Informativa ai sensi dell'art. 13 D.Lgs. 196\/2003. I dati personali indicati saranno trattati dal Festival Cinemambiente, in qualit\u00e0 di titolare autonomo del trattamento. I dati non saranno resi disponibili a terzi soggetti, n\u00e9 diffusi. Il conferimento dei dati personali richiesti tramite l'apposito modulo \u00e8 necessario per la gestione delle schede di iscrizione e per la partecipazione dei minori al Concorso. Il mancato conferimento dei dati non permetter\u00e0 di dar seguito alla partecipazione.\n\n<a href=\"https:\/\/www.museocinema.it\/it\/privacy-policy\" target=\"_blank\" rel=\"noopener\">Consulta qui la privacy policy.<\/a><\/div><\/div><div class=\"quform-element quform-element-checkbox quform-element-3_92 quform-cf quform-element-required\"><div class=\"quform-spacer\"><div class=\"quform-inner quform-inner-checkbox quform-inner-3_92\"><div class=\"quform-input quform-input-checkbox quform-input-3_92 quform-cf\"><div class=\"quform-options quform-cf quform-options-block quform-options-simple\"><div class=\"quform-option\"><input type=\"checkbox\" name=\"quform_3_92[]\" id=\"quform_3_92_fd8e8f_1\" class=\"quform-field quform-field-checkbox quform-field-3_92 quform-field-3_92_1\" value=\"Dichiaro di aver letto e accettato la privacy policy\" \/><label for=\"quform_3_92_fd8e8f_1\" class=\"quform-option-label quform-option-label-3_92_1\"><span class=\"quform-option-text\">Dichiaro di aver letto e accettato la privacy policy<\/span><\/label><\/div><\/div><\/div><\/div><\/div><\/div><\/div><\/div><\/div><div class=\"quform-element quform-element-recaptcha quform-element-3_95 quform-cf quform-element-required quform-recaptcha-no-size\"><div class=\"quform-spacer\"><div class=\"quform-inner quform-inner-recaptcha quform-inner-3_95\"><div class=\"quform-input quform-input-recaptcha quform-input-3_95 quform-cf\"><div class=\"quform-recaptcha\" data-config=\"{&quot;sitekey&quot;:&quot;6Lfe7-gfAAAAAIbO9QUd_qcnz3NwdRo0ZqmqGVCM&quot;,&quot;_version&quot;:&quot;v3&quot;,&quot;size&quot;:&quot;invisible&quot;,&quot;type&quot;:&quot;image&quot;,&quot;theme&quot;:&quot;light&quot;,&quot;badge&quot;:&quot;bottomright&quot;}\"><\/div><noscript>Per favore, abilita JavaScript per inviare questo modulo.<\/noscript><\/div><\/div><\/div><\/div><div class=\"quform-element quform-element-submit quform-element-3_2 quform-cf quform-button-style-theme\"><div class=\"quform-button-submit quform-button-submit-default quform-button-submit-3_2\"><button name=\"quform_submit\" type=\"submit\" class=\"quform-submit\" value=\"submit\"><span class=\"quform-button-text quform-button-submit-text\">Invia<\/span><\/button><\/div><div class=\"quform-loading quform-loading-position-left quform-loading-type-spinner-1\"><div class=\"quform-loading-inner\"><div class=\"quform-loading-spinner\"><div class=\"quform-loading-spinner-inner\"><\/div><\/div><\/div><\/div><\/div><div class=\"quform-element-tree\"><label for=\"quform_3_0_fd8e8f\">Questo campo deve essere lasciato vuoto<\/label><input type=\"text\" id=\"quform_3_0_fd8e8f\" name=\"quform_3_0\" class=\"quform-field quform-field-tree quform-field-3_0\" tabindex=\"-1\" autocomplete=\"off\" \/><\/div><\/div><\/div><\/div><\/div><\/form><\/div>\n<\/div><\/div><\/div><\/div><\/div><\/div><\/section>\n","protected":false},"excerpt":{"rendered":"Iscrivi il tuo filmCompila il form seguente in tutte le sue parti per candidare il vostro film al Festival CinemAmbiente Junior. Una giuria selezioner\u00e0 i migliori lavori che verranno proiettati durante il Festival CinemAmbiente.Tutti i campi * sono obbligatori.Sezione*Concorso Scuole PrimarieConcorso Scuole Secondarie di I gradoConcorso Scuole Secondarie di II gradoFilmTitolo film*Anno di produzione*Durata*(in minuti)Genere*Animation...","protected":false},"author":2,"featured_media":0,"parent":0,"menu_order":0,"comment_status":"closed","ping_status":"closed","template":"","meta":[],"acf":[],"_links":{"self":[{"href":"https:\/\/www.festivalcinemambiente.it\/it\/wp-json\/wp\/v2\/pages\/2216"}],"collection":[{"href":"https:\/\/www.festivalcinemambiente.it\/it\/wp-json\/wp\/v2\/pages"}],"about":[{"href":"https:\/\/www.festivalcinemambiente.it\/it\/wp-json\/wp\/v2\/types\/page"}],"author":[{"embeddable":true,"href":"https:\/\/www.festivalcinemambiente.it\/it\/wp-json\/wp\/v2\/users\/2"}],"replies":[{"embeddable":true,"href":"https:\/\/www.festivalcinemambiente.it\/it\/wp-json\/wp\/v2\/comments?post=2216"}],"version-history":[{"count":26,"href":"https:\/\/www.festivalcinemambiente.it\/it\/wp-json\/wp\/v2\/pages\/2216\/revisions"}],"predecessor-version":[{"id":4746,"href":"https:\/\/www.festivalcinemambiente.it\/it\/wp-json\/wp\/v2\/pages\/2216\/revisions\/4746"}],"wp:attachment":[{"href":"https:\/\/www.festivalcinemambiente.it\/it\/wp-json\/wp\/v2\/media?parent=2216"}],"curies":[{"name":"wp","href":"https:\/\/api.w.org\/{rel}","templated":true}]}}